{"id":3351,"date":"2025-05-22T09:49:45","date_gmt":"2025-05-22T09:49:45","guid":{"rendered":"https:\/\/www.nagrobkibialystok.pl\/?page_id=3351"},"modified":"2025-05-22T10:09:09","modified_gmt":"2025-05-22T10:09:09","slug":"nagrobki-dla-dzieci","status":"publish","type":"page","link":"https:\/\/www.nagrobkibialystok.pl\/?page_id=3351","title":{"rendered":"Nagrobki dla dzieci"},"content":{"rendered":"\t\t<div data-elementor-type=\"wp-page\" data-elementor-id=\"3351\" class=\"elementor elementor-3351\" data-elementor-post-type=\"page\">\n\t\t\t\t<div class=\"elementor-element elementor-element-8877b4d e-flex e-con-boxed e-con e-parent\" data-id=\"8877b4d\" data-element_type=\"container\" data-e-type=\"container\">\n\t\t\t\t\t<div class=\"e-con-inner\">\n\t\t<div class=\"elementor-element elementor-element-b8a251f e-con-full e-flex e-con e-child\" data-id=\"b8a251f\" data-element_type=\"container\" data-e-type=\"container\">\n\t\t\t\t<div class=\"elementor-element elementor-element-285a622 elementor-widget elementor-widget-sidebar\" data-id=\"285a622\" data-element_type=\"widget\" data-e-type=\"widget\" data-widget_type=\"sidebar.default\">\n\t\t\t\t<div class=\"elementor-widget-container\">\n\t\t\t\t\t<div id=\"nav_menu-5\" class=\"sidebar-widget woo-siebar widget_nav_menu\"><div class=\"menu-menu-boczne-container\"><ul id=\"menu-menu-boczne\" class=\"menu\"><li id=\"menu-item-3321\" class=\"menu-item menu-item-type-post_type menu-item-object-page menu-item-3321\"><a href=\"https:\/\/www.nagrobkibialystok.pl\/?page_id=1065\">Nagrobki pojedyncze<\/a><\/li>\n<li id=\"menu-item-3357\" class=\"menu-item menu-item-type-post_type menu-item-object-page menu-item-3357\"><a href=\"https:\/\/www.nagrobkibialystok.pl\/?page_id=3330\">Nagrobki podw\u00f3jne<\/a><\/li>\n<li id=\"menu-item-3359\" class=\"menu-item menu-item-type-post_type menu-item-object-page menu-item-3359\"><a href=\"https:\/\/www.nagrobkibialystok.pl\/?page_id=3335\">Grobowce rodzinne<\/a><\/li>\n<li id=\"menu-item-3356\" class=\"menu-item menu-item-type-post_type menu-item-object-page menu-item-3356\"><a href=\"https:\/\/www.nagrobkibialystok.pl\/?page_id=3340\">Tablice nagrobkowe<\/a><\/li>\n<li id=\"menu-item-3358\" class=\"menu-item menu-item-type-post_type menu-item-object-page menu-item-3358\"><a href=\"https:\/\/www.nagrobkibialystok.pl\/?page_id=3346\">Dodatki<\/a><\/li>\n<li id=\"menu-item-3360\" class=\"menu-item menu-item-type-post_type menu-item-object-page menu-item-3360\"><a href=\"https:\/\/www.nagrobkibialystok.pl\/?page_id=3351\">Nagrobki dla dzieci<\/a><\/li>\n<\/ul><\/div><\/div>\t\t\t\t<\/div>\n\t\t\t\t<\/div>\n\t\t\t\t<\/div>\n\t\t<div class=\"elementor-element elementor-element-17d68a4 e-con-full e-flex e-con e-child\" data-id=\"17d68a4\" data-element_type=\"container\" data-e-type=\"container\">\n\t\t\t\t<div class=\"elementor-element elementor-element-cc25c57 elementor-widget elementor-widget-text-editor\" data-id=\"cc25c57\" data-element_type=\"widget\" data-e-type=\"widget\" data-widget_type=\"text-editor.default\">\n\t\t\t\t<div class=\"elementor-widget-container\">\n\t\t\t\t\t\t\t\t\t<div class=\"row\"><div class=\"col-md-12\"><div class=\"row\"><div class=\"col-md-12\"><div id=\"main\"><div class=\"center\"><div id=\"content\" class=\"col-xs-12 col-md-9\"><div id=\"djcatalog\" class=\"djc_list djc_theme_domyslnyv2\"><div class=\"djc_category djc_clearfix\"><div class=\"djc_description\"><div class=\"djc_fulltext\"><div class=\"row\"><div class=\"col-md-12\"><h1>Nagrobki dla dzieci<\/h1><p><strong>Nagrobek dla dziecka<\/strong>\u00a0najcz\u0119\u015bciej wyst\u0119puje w\u00a0formie pomnika ma\u0142ego anio\u0142ka. Ma on strzec jego\u00a0niewinnej duszy i\u00a0godnie upami\u0119tnia\u0107 jago kr\u00f3tki pobyt w\u015br\u00f3d bliskich. Tworz\u0105c projekty pomnik\u00f3w dzieci\u0119cych staramy\u00a0si\u0119 nie\u00a0tylko\u00a0zamkn\u0105\u0107 w\u00a0granitowych figurach ca\u0142y b\u00f3l rodziny zmar\u0142ego dziecka, ale\u00a0te\u017c wzi\u0105\u0107 pod\u00a0uwag\u0119 sugestie rodzic\u00f3w zamawiaj\u0105cych nagrobek. Jego\u00a0wygl\u0105d jest wi\u0119c\u00a0wynikiem nie\u00a0tylko\u00a0naszej inwencji, ale\u00a0te\u017c wyobra\u017ce\u0144 pogr\u0105\u017conej w\u00a0\u017ca\u0142obie rodziny. Wykonywane przez nas nagrobki dla dzieci powstaj\u0105 z\u00a0najwy\u017cszej jako\u015bci granitu. Dzi\u0119ki temu ka\u017cdy z\u00a0nich jest ma\u0142ym ekskluzywnym pomnikiem, zrealizowanym z\u00a0du\u017c\u0105 dba\u0142o\u015bci\u0105 o\u00a0ka\u017cdy detal.<\/p><h2>Granitowe pomniki dzieci\u0119ce<\/h2><p>Nasza firma oferuje szeroki wyb\u00f3r projekt\u00f3w\u00a0<strong>pomnik\u00f3w dzieci\u0119cych<\/strong>. Mog\u0105 Pa\u0144stwo skorzysta\u0107 z\u00a0gotowego wzoru, ale\u00a0oferujemy te\u017c wykonanie projektu zgodnego z\u00a0indywidualnymi preferencjami zamawiaj\u0105cego. Ich\u00a0wymiary to\u00a0zazwyczaj oko\u0142o 60\u00a0cm na\u00a0100 cm. Granit, wykorzystywany przez nas do\u00a0zrobienia nagrobka dla dziecka, charakteryzuje\u00a0si\u0119 nie\u00a0tylko\u00a0doskona\u0142ym wygl\u0105dem, ale\u00a0te\u017c du\u017c\u0105 odporno\u015bci\u0105 na\u00a0dzia\u0142anie czynnik\u00f3w atmosferycznych. Opr\u00f3cz pomnik\u00f3w realizujemy te\u017c\u00a0<a href=\"https:\/\/www.nagrobkibialystok.pl\/oferta\/tablice-nagrobkowe\">tablice nagrobkowe<\/a>, kt\u00f3re s\u0105 wykonywane z\u00a0ogromn\u0105 staranno\u015bci\u0105 i\u00a0dba\u0142o\u015bci\u0105 o\u00a0szczeg\u00f3\u0142y, by\u00a0by\u0142y estetyczne i\u00a0dope\u0142nia\u0142y ca\u0142o\u015b\u0107 stylistycznie.<\/p><p>Realizujemy\u00a0<strong>pi\u0119kne nagrobki dla dzieci<\/strong>, kt\u00f3re s\u0105 p\u00f3\u017aniej montowane na\u00a0cmentarzach na\u00a0terenie Bia\u0142egostoku. Je\u015bli potrzebuj\u0105 Pa\u0144stwo pomocy w\u00a0zakresie zaprojektowania i\u00a0wykonania pomnika dzieci\u0119cego, zapraszamy do\u00a0kontaktu z\u00a0nasz\u0105 firm\u0105. Zdajemy sobie spraw\u0119, \u017ce \u015bmier\u0107 dziecka jest prawdopodobnie najbardziej bolesnym do\u015bwiadczeniem w\u00a0\u017cyciu, dlatego te\u017c zapewniamy delikatn\u0105, empatyczn\u0105 i\u00a0profesjonaln\u0105 obs\u0142ug\u0119.<\/p><\/div><\/div><\/div><\/div><\/div><\/div><div class=\"clearfix\">\u00a0<\/div><\/div><\/div><\/div><footer><div class=\"center\" data-center=\"1\">\u00a0<\/div><div class=\"block113 \"><div class=\"wrapper\"><div class=\"inner\"><div class=\"center\" data-center=\"1\"><div class=\"section113\" data-position=\"sekcja-stopki\" data-sid=\"113\" data-parent=\"1\"><div class=\"clearfix\">\u00a0<\/div><\/div><div class=\"block112  align-center\"><div class=\"wrapper\"><div class=\"inner text-left\"><div class=\"navbar-custom\">\u00a0<\/div><\/div><\/div><\/div><\/div><\/div><\/div><\/div><\/footer><\/div><\/div><\/div><\/div>\t\t\t\t\t\t\t\t<\/div>\n\t\t\t\t<\/div>\n\t\t\t\t<\/div>\n\t\t\t\t\t<\/div>\n\t\t\t\t<\/div>\n\t\t\t\t<\/div>\n\t\t","protected":false},"excerpt":{"rendered":"<p>Nagrobki dla dzieci Nagrobek dla dziecka\u00a0najcz\u0119\u015bciej wyst\u0119puje w\u00a0formie pomnika ma\u0142ego anio\u0142ka. Ma on strzec jego\u00a0niewinnej duszy i\u00a0godnie upami\u0119tnia\u0107 jago kr\u00f3tki pobyt w\u015br\u00f3d bliskich. Tworz\u0105c projekty pomnik\u00f3w dzieci\u0119cych staramy\u00a0si\u0119 nie\u00a0tylko\u00a0zamkn\u0105\u0107 w\u00a0granitowych figurach ca\u0142y b\u00f3l rodziny zmar\u0142ego dziecka, ale\u00a0te\u017c wzi\u0105\u0107 pod\u00a0uwag\u0119 sugestie rodzic\u00f3w zamawiaj\u0105cych nagrobek. Jego\u00a0wygl\u0105d jest wi\u0119c\u00a0wynikiem nie\u00a0tylko\u00a0naszej inwencji, ale\u00a0te\u017c wyobra\u017ce\u0144 pogr\u0105\u017conej w\u00a0\u017ca\u0142obie rodziny. Wykonywane przez [&hellip;]<\/p>\n","protected":false},"author":1,"featured_media":0,"parent":0,"menu_order":0,"comment_status":"closed","ping_status":"closed","template":"page-template\/blank-page-sidebar.php","meta":{"_acf_changed":false,"give_campaign_id":0,"footnotes":""},"class_list":["post-3351","page","type-page","status-publish","hentry"],"acf":[],"campaignId":"","_links":{"self":[{"href":"https:\/\/www.nagrobkibialystok.pl\/index.php?rest_route=\/wp\/v2\/pages\/3351","targetHints":{"allow":["GET"]}}],"collection":[{"href":"https:\/\/www.nagrobkibialystok.pl\/index.php?rest_route=\/wp\/v2\/pages"}],"about":[{"href":"https:\/\/www.nagrobkibialystok.pl\/index.php?rest_route=\/wp\/v2\/types\/page"}],"author":[{"embeddable":true,"href":"https:\/\/www.nagrobkibialystok.pl\/index.php?rest_route=\/wp\/v2\/users\/1"}],"replies":[{"embeddable":true,"href":"https:\/\/www.nagrobkibialystok.pl\/index.php?rest_route=%2Fwp%2Fv2%2Fcomments&post=3351"}],"version-history":[{"count":7,"href":"https:\/\/www.nagrobkibialystok.pl\/index.php?rest_route=\/wp\/v2\/pages\/3351\/revisions"}],"predecessor-version":[{"id":3405,"href":"https:\/\/www.nagrobkibialystok.pl\/index.php?rest_route=\/wp\/v2\/pages\/3351\/revisions\/3405"}],"wp:attachment":[{"href":"https:\/\/www.nagrobkibialystok.pl\/index.php?rest_route=%2Fwp%2Fv2%2Fmedia&parent=3351"}],"curies":[{"name":"wp","href":"https:\/\/api.w.org\/{rel}","templated":true}]}}