{"id":1065,"date":"2019-12-12T09:59:19","date_gmt":"2019-12-12T09:59:19","guid":{"rendered":"http:\/\/pluginspoint.com\/chariton\/\/?page_id=1065"},"modified":"2025-05-22T10:06:21","modified_gmt":"2025-05-22T10:06:21","slug":"nagrobki-pojedyncze","status":"publish","type":"page","link":"https:\/\/www.nagrobkibialystok.pl\/?page_id=1065","title":{"rendered":"Nagrobki pojedyncze"},"content":{"rendered":"\t\t<div data-elementor-type=\"wp-page\" data-elementor-id=\"1065\" class=\"elementor elementor-1065\" data-elementor-post-type=\"page\">\n\t\t\t\t<div class=\"elementor-element elementor-element-8877b4d e-flex e-con-boxed e-con e-parent\" data-id=\"8877b4d\" data-element_type=\"container\" data-e-type=\"container\">\n\t\t\t\t\t<div class=\"e-con-inner\">\n\t\t<div class=\"elementor-element elementor-element-b8a251f e-con-full e-flex e-con e-child\" data-id=\"b8a251f\" data-element_type=\"container\" data-e-type=\"container\">\n\t\t\t\t<div class=\"elementor-element elementor-element-285a622 elementor-widget elementor-widget-sidebar\" data-id=\"285a622\" data-element_type=\"widget\" data-e-type=\"widget\" data-widget_type=\"sidebar.default\">\n\t\t\t\t<div class=\"elementor-widget-container\">\n\t\t\t\t\t<div id=\"nav_menu-5\" class=\"sidebar-widget woo-siebar widget_nav_menu\"><div class=\"menu-menu-boczne-container\"><ul id=\"menu-menu-boczne\" class=\"menu\"><li id=\"menu-item-3321\" class=\"menu-item menu-item-type-post_type menu-item-object-page menu-item-3321\"><a href=\"https:\/\/www.nagrobkibialystok.pl\/?page_id=1065\">Nagrobki pojedyncze<\/a><\/li>\n<li id=\"menu-item-3357\" class=\"menu-item menu-item-type-post_type menu-item-object-page menu-item-3357\"><a href=\"https:\/\/www.nagrobkibialystok.pl\/?page_id=3330\">Nagrobki podw\u00f3jne<\/a><\/li>\n<li id=\"menu-item-3359\" class=\"menu-item menu-item-type-post_type menu-item-object-page menu-item-3359\"><a href=\"https:\/\/www.nagrobkibialystok.pl\/?page_id=3335\">Grobowce rodzinne<\/a><\/li>\n<li id=\"menu-item-3356\" class=\"menu-item menu-item-type-post_type menu-item-object-page menu-item-3356\"><a href=\"https:\/\/www.nagrobkibialystok.pl\/?page_id=3340\">Tablice nagrobkowe<\/a><\/li>\n<li id=\"menu-item-3358\" class=\"menu-item menu-item-type-post_type menu-item-object-page menu-item-3358\"><a href=\"https:\/\/www.nagrobkibialystok.pl\/?page_id=3346\">Dodatki<\/a><\/li>\n<li id=\"menu-item-3360\" class=\"menu-item menu-item-type-post_type menu-item-object-page menu-item-3360\"><a href=\"https:\/\/www.nagrobkibialystok.pl\/?page_id=3351\">Nagrobki dla dzieci<\/a><\/li>\n<\/ul><\/div><\/div>\t\t\t\t<\/div>\n\t\t\t\t<\/div>\n\t\t\t\t<\/div>\n\t\t<div class=\"elementor-element elementor-element-17d68a4 e-con-full e-flex e-con e-child\" data-id=\"17d68a4\" data-element_type=\"container\" data-e-type=\"container\">\n\t\t\t\t<div class=\"elementor-element elementor-element-cc25c57 elementor-widget elementor-widget-text-editor\" data-id=\"cc25c57\" data-element_type=\"widget\" data-e-type=\"widget\" data-widget_type=\"text-editor.default\">\n\t\t\t\t<div class=\"elementor-widget-container\">\n\t\t\t\t\t\t\t\t\t<div class=\"row\"><div class=\"col-md-12\"><h1>Nagrobki pojedyncze<\/h1><\/div><\/div><div class=\"row\"><div class=\"col-md-12\"><p>Do dyspozycji Klient\u00f3w oddajemy szeroki wyb\u00f3r projekt\u00f3w\u00a0<strong>pojedynczych nagrobk\u00f3w<\/strong>. Pomniki wykonane s\u0105 z\u00a0wysokiej jako\u015bci granitu w\u00a0r\u00f3\u017cnych wzorach i\u00a0odcieniach, dzi\u0119ki czemu mo\u017cemy zaproponowa\u0107 r\u00f3\u017cnorodne warianty \u2013 zar\u00f3wno wersje standardowe, jak i\u00a0bardziej oryginalne.\u00a0<strong>U nas znajd\u0105 Pa\u0144stwo pomniki pojedyncze w\u00a0stylu<\/strong>:<\/p><ul><li>klasycznym,<\/li><li>nowoczesnym,<\/li><li>tradycyjnym.<\/li><\/ul><p>Nagrobki pojedyncze mog\u0105 by\u0107 montowane z\u00a0jednej lub\u00a0dw\u00f3ch p\u0142yt. Istnieje mo\u017cliwo\u015b\u0107 techniki mieszanej. Gwarantujemy, \u017ce wykorzystywany przez nas granit charakteryzuje\u00a0si\u0119 wysokim stopniem wytrzyma\u0142o\u015bci, dzi\u0119ki czemu pomnik przetrwa d\u0142ugie lata, niezale\u017cnie od\u00a0warunk\u00f3w.<\/p><h2>Cena pojedynczego nagrobka<\/h2><p><strong>Trudno jednoznacznie okre\u015bli\u0107, jak\u0105 kwot\u0119 nale\u017cy przygotowa\u0107 na\u00a0zakup pojedynczego nagrobka<\/strong>. Rozpi\u0119to\u015b\u0107 cen w\u00a0skrajnych przypadkach mo\u017ce\u00a0si\u0119 waha\u0107 od\u00a0kilku do\u00a0nawet kilkunastu tysi\u0119cy z\u0142otych. Zale\u017cy to\u00a0przede wszystkim od\u00a0rodzaju wykorzystanego granitu, wymiar\u00f3w pomnika czy\u00a0opcji dodatkowych zwi\u0105zanych z\u00a0<a href=\"https:\/\/www.nagrobkibialystok.pl\/oferta\/tablice-nagrobkowe\">tablic\u0105 nagrobkow\u0105<\/a>\u00a0czy\u00a0galanteri\u0105 cmentarn\u0105. Ponadto koszt nagrobka zale\u017cy r\u00f3wnie\u017c od\u00a0tego, czy\u00a0zdecyduj\u0105\u00a0si\u0119 Pa\u0144stwo na\u00a0jeden z\u00a0projekt\u00f3w dost\u0119pnych od\u00a0r\u0119ki, czy\u00a0na\u00a0nagrobek pojedynczy z\u00a0uwzgl\u0119dnieniem indywidualnych wymaga\u0144.\u00a0<strong>Niezale\u017cnie od\u00a0wyboru nasza hurtownia zapewnia korzystne warunki<\/strong>: ceny ustalamy indywidualnie w\u00a0zale\u017cno\u015bci od\u00a0rodzaju<\/p><\/div><\/div>\t\t\t\t\t\t\t\t<\/div>\n\t\t\t\t<\/div>\n\t\t\t\t<\/div>\n\t\t\t\t\t<\/div>\n\t\t\t\t<\/div>\n\t\t\t\t<\/div>\n\t\t","protected":false},"excerpt":{"rendered":"<p>Nagrobki pojedyncze Do dyspozycji Klient\u00f3w oddajemy szeroki wyb\u00f3r projekt\u00f3w\u00a0pojedynczych nagrobk\u00f3w. Pomniki wykonane s\u0105 z\u00a0wysokiej jako\u015bci granitu w\u00a0r\u00f3\u017cnych wzorach i\u00a0odcieniach, dzi\u0119ki czemu mo\u017cemy zaproponowa\u0107 r\u00f3\u017cnorodne warianty \u2013 zar\u00f3wno wersje standardowe, jak i\u00a0bardziej oryginalne.\u00a0U nas znajd\u0105 Pa\u0144stwo pomniki pojedyncze w\u00a0stylu: klasycznym, nowoczesnym, tradycyjnym. Nagrobki pojedyncze mog\u0105 by\u0107 montowane z\u00a0jednej lub\u00a0dw\u00f3ch p\u0142yt. Istnieje mo\u017cliwo\u015b\u0107 techniki mieszanej. Gwarantujemy, \u017ce [&hellip;]<\/p>\n","protected":false},"author":1,"featured_media":0,"parent":0,"menu_order":0,"comment_status":"closed","ping_status":"closed","template":"page-template\/blank-page-sidebar.php","meta":{"_acf_changed":false,"give_campaign_id":0,"footnotes":""},"class_list":["post-1065","page","type-page","status-publish","hentry"],"acf":[],"campaignId":"","_links":{"self":[{"href":"https:\/\/www.nagrobkibialystok.pl\/index.php?rest_route=\/wp\/v2\/pages\/1065","targetHints":{"allow":["GET"]}}],"collection":[{"href":"https:\/\/www.nagrobkibialystok.pl\/index.php?rest_route=\/wp\/v2\/pages"}],"about":[{"href":"https:\/\/www.nagrobkibialystok.pl\/index.php?rest_route=\/wp\/v2\/types\/page"}],"author":[{"embeddable":true,"href":"https:\/\/www.nagrobkibialystok.pl\/index.php?rest_route=\/wp\/v2\/users\/1"}],"replies":[{"embeddable":true,"href":"https:\/\/www.nagrobkibialystok.pl\/index.php?rest_route=%2Fwp%2Fv2%2Fcomments&post=1065"}],"version-history":[{"count":10,"href":"https:\/\/www.nagrobkibialystok.pl\/index.php?rest_route=\/wp\/v2\/pages\/1065\/revisions"}],"predecessor-version":[{"id":3390,"href":"https:\/\/www.nagrobkibialystok.pl\/index.php?rest_route=\/wp\/v2\/pages\/1065\/revisions\/3390"}],"wp:attachment":[{"href":"https:\/\/www.nagrobkibialystok.pl\/index.php?rest_route=%2Fwp%2Fv2%2Fmedia&parent=1065"}],"curies":[{"name":"wp","href":"https:\/\/api.w.org\/{rel}","templated":true}]}}